{"id":1663,"date":"2020-06-15T12:46:38","date_gmt":"2020-06-15T10:46:38","guid":{"rendered":"https:\/\/dev.cortex.cz\/?page_id=1663"},"modified":"2023-06-29T17:10:43","modified_gmt":"2023-06-29T15:10:43","slug":"contact","status":"publish","type":"page","link":"https:\/\/dev.cortex.cz\/en\/contact\/","title":{"rendered":"Kontakty"},"content":{"rendered":"<h1>\n\t\tJsme tu pro V\u00e1s\n\t<\/h1>\n\t<h4>Chcete se dozv\u011bd\u011bt v\u00edce o na\u0161ich slu\u017eb\u00e1ch, pot\u0159ebujete poradit, nebo hled\u00e1te nov\u00e9 uplatn\u011bn\u00ed? Nev\u00e1hejte a kontaktujte n\u00e1s!<\/h4>\n\t\t\t<a href=\"#contact-details\" role=\"button\" target=\"_self\" onclick=\"\" rel=\"noopener\">\n\t\t\t\t\t\t\t\t\t\t\t\t\t\t\t\t\t\t\t\t\t\tKontakty\n\t\t\t\t\t\t\t<\/a>\n\t\t\t<a href=\"#kontaktujte-nas\" role=\"button\" target=\"_self\" onclick=\"\" rel=\"noopener\">\n\t\t\t\t\t\t\t\t\t\t\t\t\t\t\t\t\t\t\t\t\t\tFormul\u00e1\u0159\n\t\t\t\t\t\t\t<\/a>\n\t\t\t\t<img loading=\"lazy\" decoding=\"async\" src=\"https:\/\/dev.cortex.cz\/wp-content\/uploads\/2022\/01\/Contact-budova-01_new.png\" alt=\"Contact-budova-01_new\" itemprop=\"image\" height=\"594\" width=\"600\" title=\"Contact-budova-01_new\" onerror=\"this.style.display='none'\"  \/>\n<h4>\n\t\tKONTAKTY\n\t<\/h4>\n<h2>\n\t\tNa\u0161e kontaktn\u00ed \u00fadaje\n\t<\/h2>\n\t<p>A\u0165 u\u017e pot\u0159ebujete konzultaci s expertem, kter\u00fd rozum\u00ed Va\u0161emu oboru, nebo se chcete dozv\u011bd\u011bt v\u00edce o n\u011bkter\u00e9 z na\u0161ich slu\u017eeb, jsme tu, abychom V\u00e1m pomohli. Vyu\u017eijte n\u011bkterou z n\u00e1sleduj\u00edc\u00edch mo\u017enost\u00ed:<\/p>\n\t\t\t\tOBECN\u00c9 DOTAZY\n\t\t\t\tCARECLOUD\n\t\t\t\tZAM\u011aSTN\u00c1N\u00cd\n\t\t\t\tPR\u00c1VN\u00cd\n\t\t\t\t\t\t\tOBECN\u00c9 DOTAZY\n\t<p>M\u00e1te obecn\u00fd dotaz ohledn\u011b spole\u010dnosti Cortex, a.s. nebo nev\u00edte do kter\u00e9 kategorie dotaz za\u0159adit? Vyu\u017eijte kontakty n\u00ed\u017ee.<\/p>\n\t\t\t\t\t\t<h4>E-mailov\u00e1 adresa<\/h4>\n<p><a href=\"mailto:info@dev.cortex.cz\">info@dev.cortex.cz<\/a><\/p>\n\t\t\t\t\t\t<h4>Telefonn\u00ed \u010d\u00edslo<\/h4>\n<p>(+420) 296 779 200<\/p>\n\t\t\t\t\t\t<h4>Telefonn\u00ed \u010d\u00edslo<\/h4>\n<p><a href=\"tel:+420266610466\">(+420) 296 779 200<\/a><\/p>\n\t\t\t\t\t\t\tCARECLOUD\n\t<p>Zaujalo V\u00e1s omnichannel zpracov\u00e1n\u00ed z\u00e1kaznick\u00fdch dat, mo\u017enost automatizovat ve\u0161kerou komunikaci se z\u00e1kazn\u00edky, nebo pos\u00edlen\u00ed vztah\u016f se z\u00e1kazn\u00edky d\u00edky v\u011brnostn\u00edm program\u016fm? Vyu\u017eijte kontakt\u016f n\u00ed\u017ee.<\/p>\n\t\t\t\t\t\t<h4>Webov\u00e9 str\u00e1nky<br \/>\n<\/h4>\n<p><a href=\"https:\/\/www.crmcarecloud.com\" target=\"_blank\" rel=\"noopener\">crmcarecloud.com<\/a><\/p>\n\t\t\t\t\t\t<h4>E-mailov\u00e1 adresa<\/h4>\n<p><a href=\"mailto:info@dev.cortex.cz\">info@dev.cortex.cz<\/a><\/p>\n\t\t\t\t\t\t<h4>Telefonn\u00ed \u010d\u00edslo<\/h4>\n<p>(+420) 296 779 200<\/p>\n\t\t\t\t\t\t<h4>Telefonn\u00ed \u010d\u00edslo<\/h4>\n<p><a href=\"tel:+420266610466\">(+420) 296 779 200<\/a><\/p>\n\t\t\t\t\t\t\tZAM\u011aSTN\u00c1N\u00cd\n\t<p>Zaujala V\u00e1s pr\u00e1ce na platform\u011b CareCloud, nebo v jin\u00e9 \u010d\u00e1sti Cortexu? Pod\u00edvejte se na seznam voln\u00fdch pozic nebo n\u00e1m po\u0161lete sv\u016fj \u017eivotopis. V\u017edy r\u00e1di p\u0159iv\u00edt\u00e1me nov\u00e9, aktivn\u00ed a \u0161ikovn\u00e9 \u010dleny do t\u00fdmu.<\/p>\n\t\t\t\t\t\t<h4>Webov\u00e9 str\u00e1nky<br \/>\n<\/h4>\n<p><a href=\"https:\/\/pridejsedo.cortex.cz\/\" target=\"_blank\" rel=\"noopener\">pridejsedo.cortex.cz<\/a><\/p>\n\t\t\t\t\t\t<h4>E-mailov\u00e1 adresa<\/h4>\n<p><a href=\"mailto:pridejse@dev.cortex.cz\">pridejse@dev.cortex.cz<\/a><\/p>\n\t\t\t\t\t\t<h4>Telefonn\u00ed \u010d\u00edslo<\/h4>\n<p>(+420) 296 779 203<\/p>\n\t\t\t\t\t\t<h4>Telefonn\u00ed \u010d\u00edslo<\/h4>\n<p><a href=\"tel:+420296779203\">(+420) 296 779 203<\/a><\/p>\n\t\t\t\t\t\t\tPR\u00c1VN\u00cd\n\t<p>Na n\u00ed\u017ee uveden\u00fdch kontaktech z\u00edsk\u00e1te ve\u0161ker\u00e9 pr\u00e1vn\u00ed informace o spole\u010dnosti Cortex, a.s., kter\u00e1 vyv\u00edj\u00ed platformu CDP &amp; CRM CareCloud, poskytuje slu\u017eby extern\u00edho call centra, v\u00fdroby karet a digit\u00e1ln\u00edho tisku. Pro dotazy ohledn\u011b GDPR \u010di jin\u00fdch pr\u00e1vn\u00edch apeskt\u016f vyu\u017eijte tyto kontakty.<\/p>\n\t\t\t\t\t\t<h4>Adresa<br \/>\n<\/h4>\nCortex, a.s. se s\u00eddlem Praha 9, U Elektry 974\/1c,<br \/>\n190 00, \u010cesk\u00e1 republika\n\t\t\t\t\t\t<h4>E-mailov\u00e1 adresa<\/h4>\n<p><a href=\"mailto:dpo@dev.cortex.cz\">dpo@dev.cortex.cz<\/a><\/p>\n\t\t\t\t\t\t<h4>Identifikace<\/h4>\nI\u010cO: 47125616<br \/>\nDI\u010c: CZ47125616\n<h4>\n\t\tSPOLEHN\u011aTE SE NA CORTEX\n\t<\/h4>\n<h2>\n\t\tNapi\u0161te n\u00e1m\n\t<\/h2>\n<form action=\"\">\n\t<input type=\"hidden\" name=\"fl-layout-id\" value=\"1663\" \/>\n\t\t\t\tVypl\u0148te sv\u00e9 kontaktn\u00ed \u00fadaje a my V\u00e1m zodpov\u00edme v\u0161echny ot\u00e1zky o call centru, z\u00e1kaznick\u00e9m servisu a zpracov\u00e1n\u00ed komunikace.\nNa\u0161e projektov\u00e1 mana\u017eerka V\u00e1s bude brzy kontaktovat.\n\n    \t\t<label for=\"pp-name-\">Va\u0161e jm\u00e9no<\/label>\n    \t\tPlease enter your name.\n    \t\t<input type=\"text\" name=\"pp-name\" id=\"pp-name-\" value=\"\" placeholder=\"Va\u0161e jm\u00e9no\"  \/>\n    \t\t<label for=\"pp-email-\">Emailov\u00e1 adresa<\/label>\n    \t\tPlease enter a valid email address.\n    \t\t<input type=\"email\" name=\"pp-email\" id=\"pp-email-\" value=\"\" placeholder=\"Emailov\u00e1 adresa\"  \/>\n    \t\t<label for=\"pp-phone-\">Telefonn\u00ed \u010d\u00edslo<\/label>\n    \t\tPlease enter a valid phone number.\n    \t\t<input type=\"tel\" name=\"pp-phone\" id=\"pp-phone-\" value=\"\" placeholder=\"Telefonn\u00ed \u010d\u00edslo\"  \/>\n    \t\t<label for=\"pp-message-\">Va\u0161e zpr\u00e1va<\/label>\n    \t\tPlease type your message.\n    \t\t<textarea name=\"pp-message\" id=\"pp-message-\" placeholder=\"Va\u0161e zpr\u00e1va\"><\/textarea>\n\t\t\t<p>Please check the captcha to verify you are not a robot.<\/p>\n\t\t<input type=\"checkbox\" name=\"pp-checkbox\" id=\"pp-checkbox_\" value=\"1\" \/>\n\t\t<label for=\"pp-checkbox_\">Souhlas\u00edm se zpracov\u00e1n\u00edm osobn\u00edch \u00fadaj\u016f v souladu s dokumentem Ochrana soukrom\u00ed.<\/label>\n\t\tPlease check this field.\n    \t<a href=\"#\" target=\"_self\" role=\"button\" rel=\"noopener\">\n    \t\t    \t\t    \t\tODESLAT\n    \t\t    \t<\/a>\n\t\t\tData se nepoda\u0159ilo ulo\u017eit. Zkuste to pros\u00edm znovu.\n<input type=\"hidden\" name=\"trp-form-language\" value=\"en\"\/><\/form>\n  <p>D\u011bkujeme! Ozveme se co nejd\u0159\u00edve.<\/p>","protected":false},"excerpt":{"rendered":"<p>Jsme tu pro V\u00e1s Chcete se dozv\u011bd\u011bt v\u00edce o na\u0161ich slu\u017eb\u00e1ch, pot\u0159ebujete poradit, nebo hled\u00e1te nov\u00e9 uplatn\u011bn\u00ed? Nev\u00e1hejte a kontaktujte n\u00e1s! Kontakty Formul\u00e1\u0159 KONTAKTY Na\u0161e kontaktn\u00ed \u00fadaje A\u0165 u\u017e pot\u0159ebujete konzultaci s expertem, kter\u00fd rozum\u00ed Va\u0161emu oboru, nebo se chcete dozv\u011bd\u011bt v\u00edce o n\u011bkter\u00e9 z na\u0161ich slu\u017eeb, jsme tu, abychom V\u00e1m pomohli. Vyu\u017eijte n\u011bkterou z&hellip;<\/p>","protected":false},"author":1,"featured_media":0,"parent":0,"menu_order":0,"comment_status":"closed","ping_status":"closed","template":"","meta":{"footnotes":""},"class_list":["post-1663","page","type-page","status-publish","hentry"],"_links":{"self":[{"href":"https:\/\/dev.cortex.cz\/en\/wp-json\/wp\/v2\/pages\/1663"}],"collection":[{"href":"https:\/\/dev.cortex.cz\/en\/wp-json\/wp\/v2\/pages"}],"about":[{"href":"https:\/\/dev.cortex.cz\/en\/wp-json\/wp\/v2\/types\/page"}],"author":[{"embeddable":true,"href":"https:\/\/dev.cortex.cz\/en\/wp-json\/wp\/v2\/users\/1"}],"replies":[{"embeddable":true,"href":"https:\/\/dev.cortex.cz\/en\/wp-json\/wp\/v2\/comments?post=1663"}],"version-history":[{"count":14,"href":"https:\/\/dev.cortex.cz\/en\/wp-json\/wp\/v2\/pages\/1663\/revisions"}],"predecessor-version":[{"id":6016,"href":"https:\/\/dev.cortex.cz\/en\/wp-json\/wp\/v2\/pages\/1663\/revisions\/6016"}],"wp:attachment":[{"href":"https:\/\/dev.cortex.cz\/en\/wp-json\/wp\/v2\/media?parent=1663"}],"curies":[{"name":"wp","href":"https:\/\/api.w.org\/{rel}","templated":true}]}}