{"id":2292,"date":"2020-06-30T13:05:04","date_gmt":"2020-06-30T11:05:04","guid":{"rendered":"https:\/\/dev.cortex.cz\/?page_id=2292"},"modified":"2022-03-22T10:47:43","modified_gmt":"2022-03-22T09:47:43","slug":"data-protection-gdpr","status":"publish","type":"page","link":"https:\/\/dev.cortex.cz\/en\/data-protection-gdpr\/","title":{"rendered":"Data Protection &#038; GDPR"},"content":{"rendered":"<h1>\n\t\tZabezpe\u010den\u00ed, ochrana dat a GDPR\n\t<\/h1>\n\t<h4>Na\u0161e bezpe\u010dnostn\u00ed opat\u0159en\u00ed jdou d\u00e1le ne\u017e k pouh\u00e9mu \u0161ifrov\u00e1n\u00ed dat, ISO 9001, ISO 20000, ISO 27000 certifik\u00e1t\u016fm a dodr\u017eov\u00e1n\u00ed GDPR po\u017eadavk\u016f<\/h4>\n\t\t\t<a href=\"#business-protection\" role=\"button\" target=\"_self\" onclick=\"\" rel=\"noopener\">\n\t\t\t\t\t\t\t\t\t\t\t\t\t\t\t\t\t\t\t\t\t\tZjistit v\u00edce\n\t\t\t\t\t\t\t<\/a>\n\t\t\t<a href=\"#kontaktujte-nas\" role=\"button\" target=\"_self\" onclick=\"\" rel=\"noopener\">\n\t\t\t\t\t\t\t\t\t\t\t\t\t\t\t\t\t\t\t\t\t\tGet in Touch\n\t\t\t\t\t\t\t<\/a>\n<h2>\n\t\tCortex je zalo\u017een na ochran\u011b firemn\u00edch i z\u00e1kaznick\u00fdch dat\n\t<\/h2>\n\t<p>N\u00e1\u0161 komplexn\u00ed p\u0159\u00edstup k zabezpe\u010den\u00ed zaji\u0161\u0165uje ochranu dat ve v\u0161ech jejich vstupn\u00edch bodech, p\u0159i jejich ukl\u00e1d\u00e1n\u00ed i b\u011bhem cel\u00e9ho jejich \u017eivotn\u00edho cyklu. Unik\u00e1tn\u00ed a robustn\u00ed prost\u0159ed\u00ed intern\u00edch aplikac\u00ed je velmi odoln\u00e9 proti r\u016fzn\u00fdm druh\u016fm bezpe\u010dnostn\u00edch incident\u016f.<\/p>\n<h4>\n\t\tSPR\u00c1VA OSOBN\u00cdCH \u00daDAJ\u016e V SOULADU S GDPR\n\t<\/h4>\n\t<p>CareCloud i intern\u00ed Cortex aplikace obsahuj\u00ed \u0159adu funkcionalit, nezbytn\u00fdch pro zabezpe\u010den\u00ed ochrany osobn\u00edch \u00fadaj\u016f, d\u00edky kter\u00fdm spl\u0148uje ve\u0161ker\u00e9 po\u017eadavky GDPR sm\u011brnice a aktu\u00e1ln\u00edch pr\u00e1vn\u00edch p\u0159edpis\u016f. Ov\u011b\u0159en\u00fd u\u017eivatel m\u016f\u017ee administrovat pr\u00e1va subjektu \u00fadaj\u016f jako je v\u00fdmaz osobn\u00edch dat, anonymizace, pseudoanonymizace a omezen\u00ed \u00fa\u010delu zpracov\u00e1n\u00ed.<\/p>\n<h4>\n\t\tOV\u011a\u0158OV\u00c1N\u00cd A OMEZEN\u00cd P\u0158\u00cdSTUPU\n\t<\/h4>\n\t<p>Va\u0161e data jsou v bezpe\u010d\u00ed p\u0159ed nepovolan\u00fdmi osobami d\u00edky autorizaci u\u017eivatele p\u0159i ka\u017ed\u00e9m p\u0159ihl\u00e1\u0161en\u00ed. V\u0161echny akce u\u017eivatele jsou zaznamen\u00e1ny do logu, kter\u00fd je p\u0159\u00edstupn\u00fd pouze ur\u010den\u00fdm osob\u00e1m. Je tak k dispozici kompletn\u00ed p\u0159ehled o v\u0161ech prob\u011bhl\u00fdch aktivit\u00e1ch v\u010detn\u011b jejich p\u0159i\u0159azen\u00ed ke konkr\u00e9tn\u00edm u\u017eivatel\u016fm.<\/p>\n\t\t\t\t<a href=\"https:\/\/dev.cortex.cz\/wp-content\/uploads\/2020\/07\/Security.png\" target=\"_self\" itemprop=\"url\" rel=\"noopener\">\n\t\t\t\t<img decoding=\"async\" src=\"https:\/\/dev.cortex.cz\/wp-content\/uploads\/2020\/07\/Security.png\" alt=\"Security\" itemprop=\"image\" title=\"Security\" onerror=\"this.style.display='none'\"  \/>\n\t\t\t\t<\/a>\n<h4>\n\t\tSPOLEHLIV\u00c1 Z\u00c1LOHA DAT\n\t<\/h4>\n\t<p>Va\u0161e data jsou zaji\u0161t\u011bna komplexn\u00edmi p\u0159esn\u011b definovan\u00fdmi z\u00e1lohovac\u00edmi procesy. Z\u00e1lohy jsou bezpe\u010dn\u011b ulo\u017eeny na separ\u00e1tn\u00edch serverech um\u00edst\u011bn\u00fdch v\u017edy v jin\u00e9 lokalit\u011b a uchov\u00e1vaj\u00ed se zde po dobu a\u017e \u0161esti m\u011bs\u00edc\u016f. I velmi star\u00e1 data je tak mo\u017en\u00e9 na z\u00e1klad\u011b opr\u00e1vn\u011bn\u00e9ho po\u017eadavku obnovit bez jak\u00e9koli ztr\u00e1ty.<\/p>\n<h4>\n\t\tPRAVIDELN\u00c9 AUDITY A KONTROLY\n\t<\/h4>\n\t<p>Cortex je dr\u017eitelem mezin\u00e1rodn\u011b uzn\u00e1van\u00fdch ISO 9001:2017, ISO 20000-1:2011 a ISO 27001:2013 certifik\u00e1t\u016f pro poskytov\u00e1n\u00ed IT a cloud slu\u017eeb, mezi kter\u00e9 pat\u0159\u00ed hosting aplikac\u00ed, spr\u00e1va dat, automatick\u00e9 zpracov\u00e1n\u00ed dat, technick\u00e1 podpora a konzultace.<\/p>\n<p>Pravideln\u00e9 audity a kontroly ze strany intern\u00edho DPO, tedy pov\u011b\u0159ence pro ochranu osobn\u00edch \u00fadaj\u016f a extern\u00edch auditor\u016f zaji\u0161\u0165uj\u00ed vysokou kvalitu ochrany osobn\u00edch \u00fadaj\u016f a potvrzuj\u00ed trval\u00e9 dodr\u017eov\u00e1n\u00ed intern\u00edch sm\u011brnic a platn\u00fdch pr\u00e1vn\u00edch p\u0159edpis\u016f.<\/p>\n<p>&nbsp;<\/p>\n<h4>\n\t\tDIGIT\u00c1LN\u00cd I FYZICK\u00c1 OCHRANA SERVER\u016e\n\t<\/h4>\n\tBezpe\u010dnostn\u00ed politika \u0159\u00edd\u00ed s\u00ed\u0165ov\u00fd i fyzick\u00fd p\u0159\u00edstup k server\u016fm. Pravideln\u00e9 patchov\u00e1n\u00ed a \u00fadr\u017eba server\u016f zaji\u0161\u0165uje odolnost IT prost\u0159ed\u00ed v\u016f\u010di v\u011bt\u0161in\u011b kybernetick\u00fdch \u00fatok\u016f a z\u00e1rove\u0148 umo\u017e\u0148uje velmi rychlou reakci na libovoln\u00fd neautorizovan\u00fd pokus o p\u0159\u00edstup. V\u0161echny servery jsou bezpe\u010den\u011b uzam\u010deny v nosi\u010d\u00edch, kter\u00e9 jsou um\u00edst\u011bny v prostor\u00e1ch s omezen\u00fdm p\u0159\u00edstupem. M\u00edstnosti se servery jsou vybaveny ochranou v\u016f\u010di v\u00fdpadk\u016fm proudu, po\u017e\u00e1ru i dal\u0161\u00edm fyzick\u00fdm po\u0161kozen\u00edm.<br \/>\n\n<h4>\n\t\tEFEKTIVN\u00cd \u0158E\u0160EN\u00cd INCIDENT\u016e\n\t<\/h4>\n\t<p>Cortex doposud nezaznamenal z\u00e1va\u017en\u00e9 naru\u0161en\u00ed bezpe\u010dnosti \u010di jin\u00fd z\u00e1va\u017en\u00fd bezpe\u010dnostn\u00ed incident. P\u0159esto jsou p\u0159ipraveny procesy a postupy pro rychl\u00e9 a efektivn\u00ed vy\u0159e\u0161en\u00ed p\u0159\u00edpadn\u00e9ho incidentu. V p\u0159\u00edpad\u011b naru\u0161en\u00ed bezpe\u010dnosti jsou spu\u0161t\u011bny procesy rychl\u00e9 obnovy a zaji\u0161t\u011bn\u00ed bezpe\u010dnosti v\u0161ech p\u0159\u00edstup\u016f. Sou\u010d\u00e1st\u00ed proces\u016f obnovy je rychl\u00fd a \u00fapln\u00fd reporting pro zasa\u017een\u00e9 strany i relevantn\u00ed st\u00e1tn\u00ed org\u00e1ny.<\/p>\n<h4>\n\t\tSPOLEHN\u011aTE SE NA CORTEX\n\t<\/h4>\n<h2>\n\t\tNapi\u0161te n\u00e1m\n\t<\/h2>\n<form action=\"\">\n\t<input type=\"hidden\" name=\"fl-layout-id\" value=\"2292\" \/>\n    \n\t\n\tVypl\u0148te sv\u00e9 kontaktn\u00ed \u00fadaje a my V\u00e1m zodpov\u00edme v\u0161echny ot\u00e1zky o call centru, z\u00e1kaznick\u00e9m servisu a zpracov\u00e1n\u00ed komuniakce.\nNa\u0161e projektov\u00e1 mana\u017eerka V\u00e1s bude brzy kontaktovat.\n\t\n    \t\t<label for=\"pp-name-\">Va\u0161e jm\u00e9no<\/label>\n    \t\tPlease enter your name.\n    \t\t<input type=\"text\" name=\"pp-name\" id=\"pp-name-\" value=\"\" placeholder=\"Va\u0161e jm\u00e9no\"  \/>\n    \t\t<label for=\"pp-email-\">Emailov\u00e1 adresa<\/label>\n    \t\tPlease enter a valid email address.\n    \t\t<input type=\"email\" name=\"pp-email\" id=\"pp-email-\" value=\"\" placeholder=\"Emailov\u00e1 adresa\"  \/>\n    \t\t<label for=\"pp-phone-\">Telefonn\u00ed \u010d\u00edslo<\/label>\n    \t\tPlease enter a valid phone number.\n    \t\t<input type=\"tel\" name=\"pp-phone\" id=\"pp-phone-\" value=\"\" placeholder=\"Telefonn\u00ed \u010d\u00edslo\"  \/>\n    \t\t<label for=\"pp-message-\">Va\u0161e zpr\u00e1va<\/label>\n    \t\tPlease type your message.\n    \t\t<textarea name=\"pp-message\" id=\"pp-message-\" placeholder=\"Va\u0161e zpr\u00e1va\"><\/textarea>\n\t\t\t<p>Please check the captcha to verify you are not a robot.<\/p>\n\t\t<input type=\"checkbox\" name=\"pp-checkbox\" id=\"pp-checkbox_\" value=\"1\" \/>\n\t\t<label for=\"pp-checkbox_\">Souhlas\u00edm se zpracov\u00e1n\u00edm osobn\u00edch \u00fadaj\u016f v souladu s dokumentem Ochrana soukrom\u00ed.<\/label>\n\t\tPlease check this field.\n    \t<a href=\"#\" target=\"_self\" role=\"button\" rel=\"noopener\">\n    \t\t    \t\t    \t\tODESLAT\n    \t\t    \t<\/a>\n\t\t\tWe could not save your data. Please try again.\n<input type=\"hidden\" name=\"trp-form-language\" value=\"en\"\/><\/form>\n  <p>D\u011bkujeme! Ozveme se co nejd\u0159\u00edve.<\/p>","protected":false},"excerpt":{"rendered":"<p>Zabezpe\u010den\u00ed, ochrana dat a GDPR Na\u0161e bezpe\u010dnostn\u00ed opat\u0159en\u00ed jdou d\u00e1le ne\u017e k pouh\u00e9mu \u0161ifrov\u00e1n\u00ed dat, ISO 9001, ISO 20000, ISO 27000 certifik\u00e1t\u016fm a dodr\u017eov\u00e1n\u00ed GDPR po\u017eadavk\u016f Zjistit v\u00edce Get in Touch Cortex je zalo\u017een na ochran\u011b firemn\u00edch i z\u00e1kaznick\u00fdch dat N\u00e1\u0161 komplexn\u00ed p\u0159\u00edstup k zabezpe\u010den\u00ed zaji\u0161\u0165uje ochranu dat ve v\u0161ech jejich vstupn\u00edch bodech, p\u0159i jejich&hellip;<\/p>","protected":false},"author":2,"featured_media":0,"parent":0,"menu_order":0,"comment_status":"closed","ping_status":"closed","template":"","meta":{"footnotes":""},"class_list":["post-2292","page","type-page","status-publish","hentry"],"_links":{"self":[{"href":"https:\/\/dev.cortex.cz\/en\/wp-json\/wp\/v2\/pages\/2292"}],"collection":[{"href":"https:\/\/dev.cortex.cz\/en\/wp-json\/wp\/v2\/pages"}],"about":[{"href":"https:\/\/dev.cortex.cz\/en\/wp-json\/wp\/v2\/types\/page"}],"author":[{"embeddable":true,"href":"https:\/\/dev.cortex.cz\/en\/wp-json\/wp\/v2\/users\/2"}],"replies":[{"embeddable":true,"href":"https:\/\/dev.cortex.cz\/en\/wp-json\/wp\/v2\/comments?post=2292"}],"version-history":[{"count":3,"href":"https:\/\/dev.cortex.cz\/en\/wp-json\/wp\/v2\/pages\/2292\/revisions"}],"predecessor-version":[{"id":5003,"href":"https:\/\/dev.cortex.cz\/en\/wp-json\/wp\/v2\/pages\/2292\/revisions\/5003"}],"wp:attachment":[{"href":"https:\/\/dev.cortex.cz\/en\/wp-json\/wp\/v2\/media?parent=2292"}],"curies":[{"name":"wp","href":"https:\/\/api.w.org\/{rel}","templated":true}]}}