{"id":5079,"date":"2022-03-22T10:45:23","date_gmt":"2022-03-22T09:45:23","guid":{"rendered":"https:\/\/dev.cortex.cz\/?page_id=5079"},"modified":"2025-04-25T14:25:46","modified_gmt":"2025-04-25T12:25:46","slug":"zamestnanecky-profil-prihlaseni","status":"publish","type":"page","link":"https:\/\/dev.cortex.cz\/en\/zamestnanecky-profil-prihlaseni\/","title":{"rendered":"Zam\u011bstnaneck\u00fd profil &#8211; P\u0159ihl\u00e1\u0161en\u00ed"},"content":{"rendered":"<p>Why should I join the journey?<\/p>\n\t<p>CESTA je skv\u011bl\u00fd zam\u011bstnaneck\u00fd program pro tebe, i pro v\u0161echny ostatn\u00ed lidi z Cortexu. K \u010demu to je dobr\u00e9? Sna\u017e\u00edme se, aby na\u0161e spole\u010dn\u00e1 pracovn\u00ed cesta byla smyslupln\u00e1 a taky trochu z\u00e1bavn\u00e1.<\/p>\n<p>&nbsp;<\/p>\n<p>A pro\u010d? Proto\u017ee tv\u00e1 skv\u011bl\u00e1 CESTA je n\u00e1\u0161 C\u00cdL! READY TO GO? Tak se p\u0159ihlas, sb\u00edrej drob\u00e1ky (rozum\u011bj body) a \u0161et\u0159i nebo vyb\u00edrej a utr\u00e1cej! A dr\u017e si klobouk!<\/p>\n\t\t\t<a href=\"#who\" role=\"button\" target=\"_self\" onclick=\"\" rel=\"noopener\">\n\t\t\t\t\t\t\t\t\t\t\t\t\t\t\t\t\t\t\t\t\t\tV\u00cdCE INFORMAC\u00cd\n\t\t\t\t\t\t\t<\/a>\n\t\t\t<a href=\"#CHCINACESTU\" role=\"button\" target=\"_self\" onclick=\"\" rel=\"noopener\">\n\t\t\t\t\t\t\t\t\t\t\t\t\t\t\t\t\t\t\t\t\t\tCHCI NA CESTU\n\t\t\t\t\t\t\t<\/a>\n\t<p>Rozhodnuto? Tak hur\u00e1 na CESTU!<\/p>\n\t<h1 class=\"form-title-login\">Login to your customer account<\/h1>\n        <form action=\"\" method=\"post\" class=\"login-form-carecloud\" data-trp-original-action=\"\">\n\t\t    <br\/>\n\t\t\t\n            <label class=\"label-login\">Email address<\/label><br\/>\n            <input type=\"text\" name=\"carecloud-api-login-mail\" class=\"login-field\" placeholder=\"E-mail\"\/>\n\n            <br\/>\n    \n            <label class=\"label-login\">Password<\/label><br\/>\n            <input type=\"password\" name=\"carecloud-api-login-password\" class=\"login-field\" placeholder=\"Password\" \/>\n                \n            <br\/>\n            <button type=\"submit\" name=\"carecloud-api-login-form-send\" class=\"login-button\">Log in<\/button>\n        <input type=\"hidden\" name=\"trp-form-language\" value=\"en\"\/><\/form>\n    \n\t\t\t<a href=\"https:\/\/dev.cortex.cz\/en\/zamestnanecky-profil-prihlaseni\/zapomenute-zapomenute-heslo\/\" target=\"_self\" rel=\"noopener\">\n\t\t\t\t\t\t\tMemory loss? Or just a forgotten password?\n\t\t\t\t\t<\/a>\n\t<p>Pokud se ti p\u0159ihl\u00e1\u0161en\u00ed neda\u0159\u00ed, dej v\u011bd\u011bt sv\u00e9 &#8222;via della felicit\u00e0 managerce, Jitce Kamitzov\u00e9&#8220;. M\u016f\u017ee to b\u00fdt i Ada, Mejla, Ivo\u0161 nebo Jirka \ud83d\ude42<\/p>\n\t<p>Pro koho to vlastn\u011b je?<\/p>\n\t\t\t\t<img loading=\"lazy\" decoding=\"async\" src=\"https:\/\/dev.cortex.cz\/wp-content\/uploads\/2022\/06\/Prokoho.png\" alt=\"Prokoho\" itemprop=\"image\" height=\"675\" width=\"1135\" title=\"Prokoho\" onerror=\"this.style.display='none'\"  \/>\n\t<p>CESTA je nejen pro tebe, ale i pro v\u0161echny Tv\u00e9 souputn\u00edky z Cortexu, kte\u0159\u00ed se k \u00fa\u010dasti rozhodnou. Na form\u011b tv\u00e9ho pracovn\u00edho pom\u011bru nez\u00e1le\u017e\u00ed. D\u016fle\u017eit\u00e9 je jen to, abys n\u011bjak\u00fd pom\u011br s firmou m\u011bl \ud83d\ude42<\/p>\n<p>&nbsp;<\/p>\n<p>Neboj, nen\u00ed to povinn\u00e9, nikdo t\u011b nebude do ni\u010deho nutit. Svou \u00fa\u010dast\u00ed m\u016f\u017ee\u0161 ale jen z\u00edskat! Z\u00edsk\u00e1\u0161 snadno r\u016fzn\u00e9 benefity a jejich nab\u00eddka se nav\u00edc bude pr\u016fb\u011b\u017en\u011b m\u011bnit. Pokud nenajde\u0161 nic, co by t\u011b zaujalo, dej n\u00e1m v\u011bd\u011bt. Zkus\u00edme s t\u00edm n\u011bco ud\u011blat.<\/p>\n\t\t\t<a href=\"#jaktofunguje\" role=\"button\" target=\"_self\" onclick=\"\" rel=\"noopener\">\n\t\t\t\t\t\t\t\t\t\t\t\t\t\t\t\t\t\t\t\t\t\tJAK TO FUNGUJE\n\t\t\t\t\t\t\t<\/a>\n\t\t\t<a href=\"#CHCINACESTU\" role=\"button\" target=\"_self\" onclick=\"\" rel=\"noopener\">\n\t\t\t\t\t\t\t\t\t\t\t\t\t\t\t\t\t\t\t\t\t\tCHCI NA CESTU\n\t\t\t\t\t\t\t<\/a>\n\t<p>Jak to funguje?<\/p>\n\t<p>D r o b \u00e1 k y\u00a0 z\u00edsk\u00e1v\u00e1\u0161 za ka\u017ed\u00fd <strong>odmakan\u00fd m\u011bs\u00edc<\/strong> v Cortexu bez ztr\u00e1ty kyti\u010dky. Jejich po\u010det z\u00e1vis\u00ed na tv\u00e9 pracovn\u00ed pozici a dob\u011b, kterou u n\u00e1s pracuje\u0161. \u010c\u00edm d\u00e9le, t\u00edm l\u00e9pe pro tvou CESTU.<\/p>\n<p>Za ka\u017ed\u00fd spole\u010dn\u00fd rok dostane\u0161<strong> drob\u00e1kov\u00fd <\/strong>(bodov\u00fd) bonus (4 n\u00e1sobek m\u011bs\u00ed\u010dn\u00ed hodnoty) a po p\u011bti letech fam\u00f3zn\u00ed superpr\u00e9mii ve v\u00fd\u0161i 24 n\u00e1sobku m\u011bs\u00ed\u010dn\u00ed \u010d\u00e1stky! A to se vyplat\u00ed \ud83d\ude42<\/p>\n<p>&nbsp;<\/p>\n<p>N\u011bjak\u00e9 drob\u00e1ky (tedy body) nav\u00edc dostane\u0161 <strong>za svou aktivitu<\/strong> &#8211; t\u0159eba za to, \u017ee \u00fasp\u011b\u0161n\u011b zvl\u00e1dne\u0161 vzd\u011bl\u00e1vac\u00ed kurz (50 bod\u016f), za prezentaci pro kolegy (100 bod\u016f), spolupr\u00e1ci na jej\u00ed p\u0159\u00edprav\u011b (100 bod\u016f) nebo aktivn\u00ed \u00fa\u010dast na konferenc\u00edch (200 bod\u016f).<\/p>\n<p>N\u011bjak\u00e9 drob\u00e1ky dostane\u0161 i za b\u011bh, kolo, plav\u00e1n\u00ed a dal\u0161\u00ed <strong>sportovn\u00ed aktivity<\/strong>. T\u0159eba za hodinu b\u011bhu (aspo\u0148 6 km), j\u00edzdy na kole (aspo\u0148 15 km), plav\u00e1n\u00ed, \u010di fitness aktivity z\u00edsk\u00e1\u0161 p\u011bkn\u00e9 3 body. Sta\u010d\u00ed p\u0159edat screen ze tv\u00e9 sportovn\u00ed appky.<\/p>\n\t\t\t<a href=\"#acodal\" role=\"button\" target=\"_self\" onclick=\"\" rel=\"noopener\">\n\t\t\t\t\t\t\t\t\t\t\t\t\t\t\t\t\t\t\t\t\t\tA CO D\u00c1L S T\u00cdM\n\t\t\t\t\t\t\t<\/a>\n\t\t\t<a href=\"#CHCINACESTU\" role=\"button\" target=\"_self\" onclick=\"\" rel=\"noopener\">\n\t\t\t\t\t\t\t\t\t\t\t\t\t\t\t\t\t\t\t\t\t\tCHCI NA CESTU\n\t\t\t\t\t\t\t<\/a>\n\t<p>A co s t\u011bmi\u00a0 d r o b \u00e1 k y\u00a0 m\u00e1m d\u00e1l d\u011blat?<\/p>\n\t\t\t\t<img loading=\"lazy\" decoding=\"async\" src=\"https:\/\/dev.cortex.cz\/wp-content\/uploads\/2022\/06\/Zamestnanci.png\" alt=\"Zamestnanci\" itemprop=\"image\" height=\"1150\" width=\"1953\" title=\"Zamestnanci\" onerror=\"this.style.display='none'\"  \/>\n\t<p>Z\u00edskat m\u016f\u017ee\u0161 t\u0159eba p\u0159\u00edsp\u011bvek na nadstandardn\u00ed pracovn\u00ed vybaven\u00ed, notebook nebo telefon. M\u016f\u017ee\u0161 se skv\u011ble pobavit d\u00edky voucheru na let bal\u00f3nem, eurov\u00edkend, romantickou ve\u010de\u0159i, divadeln\u00ed p\u0159edstaven\u00ed nebo ly\u017ea\u0159skou permanentku.<\/p>\n<p>&nbsp;<\/p>\n<p>Sv\u00e9 \u00faspory ale m\u016f\u017ee\u0161 v\u011bnovat na charitu, p\u0159\u00edsp\u011bvek na voz\u00edk pro Toma nebo pomoc Ukrajin\u011b. Z\u00edsk\u00e1\u0161 dovolenou nav\u00edc nebo sick day, kdy\u017e se probud\u00ed\u0161 do \u0161patn\u00e9ho r\u00e1na. Sta\u010d\u00ed si vybrat ten spr\u00e1vn\u00fd voucher.<\/p>\n<p>Tak se p\u0159ihla\u0161, vyber po kliknut\u00ed na odkaz VYBRAT BENEFIT a p\u0159e\u010dti si co d\u00e1l. Volba je jenom na tob\u011b!<\/p>\n\t\t\t<a href=\"#CHCINACESTU\" role=\"button\" target=\"_self\" onclick=\"\" rel=\"noopener\">\n\t\t\t\t\t\t\t\t\t\t\t\t\t\t\t\t\t\t\t\t\t\tZKUS\u00cdM TO\n\t\t\t\t\t\t\t<\/a>\n\t\t\t<a href=\"#CHCINACESTU\" role=\"button\" target=\"_self\" onclick=\"\" rel=\"noopener\">\n\t\t\t\t\t\t\t\t\t\t\t\t\t\t\t\t\t\t\t\t\t\tVYBRAT BENEFIT\n\t\t\t\t\t\t\t<\/a>\n\t<p>Co m\u00e1m d\u011blat, kdy\u017e tomu moc nerozum\u00edm?<\/p>\n\t<p>Pokud se ti to v\u0161echno te\u010f zd\u00e1 p\u0159\u00edli\u0161 komplikovan\u00e9, nezoufej, r\u00e1di ti odpov\u00edme na tv\u00e9 ot\u00e1zky. Dojdi za svou &#8222;via della felicit\u00e0&#8220; neboli &#8222;happiness&#8220; managerkou Jitkou Kamitzovou a ona ti r\u00e1da se v\u0161\u00edm pom\u016f\u017ee a vysv\u011btl\u00ed co je pot\u0159eba!<\/p>\n<p>&nbsp;<\/p>\n<p>P\u0159\u00edpadn\u011b sko\u010d za Adou, Mejlou, Ivo\u0161em nebo Jirkou. CESTU jsme si pro Tebe vymysleli a vysv\u011btl\u00edme ti do detailu, jak funguje. Stejn\u011b to plat\u00ed i pro uplatn\u011bn\u00ed benefitu nebo sb\u00edr\u00e1n\u00ed bod\u016f za tvou aktivitu.<\/p>\n<p>&nbsp;<\/p>\n<p>Pokud d\u011bl\u00e1\u0161 r\u00e1d\/a druh\u00fdm radost a cht\u011bl\/a bys n\u00e1m s CESTOU pomoci, dej v\u011bd\u011bt!<\/p>\n<p>&nbsp;<\/p>\n<p>Tv\u00e1 skv\u011bl\u00e1 CESTA je n\u00e1\u0161 C\u00cdL!<\/p>\n<p>&nbsp;<\/p>\n\t\t\t<a href=\"#who\" role=\"button\" target=\"_self\" onclick=\"\" rel=\"noopener\">\n\t\t\t\t\t\t\t\t\t\t\t\t\t\t\t\t\t\t\t\t\t\tV\u00cdCE O CEST\u011a\n\t\t\t\t\t\t\t<\/a>\n\t\t\t<a href=\"#CHCINACESTU\" role=\"button\" target=\"_self\" onclick=\"\" rel=\"noopener\">\n\t\t\t\t\t\t\t\t\t\t\t\t\t\t\t\t\t\t\t\t\t\tCHCI NA CESTU\n\t\t\t\t\t\t\t<\/a>","protected":false},"excerpt":{"rendered":"<p>Pro\u010d se m\u00e1m vydat na CESTU? CESTA je skv\u011bl\u00fd zam\u011bstnaneck\u00fd program pro tebe, i pro v\u0161echny ostatn\u00ed lidi z Cortexu. K \u010demu to je dobr\u00e9? Sna\u017e\u00edme se, aby na\u0161e spole\u010dn\u00e1 pracovn\u00ed cesta byla smyslupln\u00e1 a taky trochu z\u00e1bavn\u00e1. &nbsp; A pro\u010d? Proto\u017ee tv\u00e1 skv\u011bl\u00e1 CESTA je n\u00e1\u0161 C\u00cdL! READY TO GO? Tak se p\u0159ihlas, sb\u00edrej&hellip;<\/p>","protected":false},"author":2,"featured_media":0,"parent":0,"menu_order":0,"comment_status":"closed","ping_status":"closed","template":"","meta":{"footnotes":""},"class_list":["post-5079","page","type-page","status-publish","hentry"],"_links":{"self":[{"href":"https:\/\/dev.cortex.cz\/en\/wp-json\/wp\/v2\/pages\/5079"}],"collection":[{"href":"https:\/\/dev.cortex.cz\/en\/wp-json\/wp\/v2\/pages"}],"about":[{"href":"https:\/\/dev.cortex.cz\/en\/wp-json\/wp\/v2\/types\/page"}],"author":[{"embeddable":true,"href":"https:\/\/dev.cortex.cz\/en\/wp-json\/wp\/v2\/users\/2"}],"replies":[{"embeddable":true,"href":"https:\/\/dev.cortex.cz\/en\/wp-json\/wp\/v2\/comments?post=5079"}],"version-history":[{"count":70,"href":"https:\/\/dev.cortex.cz\/en\/wp-json\/wp\/v2\/pages\/5079\/revisions"}],"predecessor-version":[{"id":6293,"href":"https:\/\/dev.cortex.cz\/en\/wp-json\/wp\/v2\/pages\/5079\/revisions\/6293"}],"wp:attachment":[{"href":"https:\/\/dev.cortex.cz\/en\/wp-json\/wp\/v2\/media?parent=5079"}],"curies":[{"name":"wp","href":"https:\/\/api.w.org\/{rel}","templated":true}]}}