{"id":5627,"date":"2022-06-15T11:08:23","date_gmt":"2022-06-15T09:08:23","guid":{"rendered":"https:\/\/dev.cortex.cz\/?page_id=5627"},"modified":"2025-01-20T13:57:27","modified_gmt":"2025-01-20T12:57:27","slug":"carecloud-php-programator","status":"publish","type":"page","link":"https:\/\/dev.cortex.cz\/en\/carecloud-php-programator\/","title":{"rendered":"CareCloud PHP program\u00e1tor"},"content":{"rendered":"\n\n\t<h2>CareCloud PHP program\u00e1tor<\/h2>\n\t<h2>Poj\u010f se s n\u00e1ma v\u011bnovat t\u00e9mat\u016fm predikce, automatizace, pokro\u010dil\u00e9 segmentace a recommendation engine.<\/h2>\n\t<a href=\"#grilovani\" target=\"_self\" role=\"button\" aria-label=\"PROZKOUMAT POZICI\" rel=\"noopener\">\n\t\t\t\t\t\tPROZKOUMAT POZICI\n\t\t\t\t\t<\/a>\n\t<p>CareCloud. Grilov\u00e1n\u00ed? Deskovky? Jsme par\u0165\u00e1ci!<\/p>\n\t<p>S klukama vytv\u00e1\u0159\u00edme marketingovou platformu, kter\u00e1 vyhodnocuje n\u00e1kupn\u00ed data a vyu\u017e\u00edv\u00e1 je pro doporu\u010dov\u00e1n\u00ed produkt\u016f (machine learning) a automatizaci email\u016f, slev i akc\u00ed.<\/p>\n<p>Jsme parta, co se spolu bav\u00ed i mimo pr\u00e1ci. Sch\u00e1z\u00edme se po pr\u00e1ci na ve\u010der deskovek, nebo m\u00edsto oby\u010dejn\u00e9ho ob\u011bda rozp\u00e1l\u00edme grill.<\/p>\n<p>Taky hostujeme srazy p\u0159\u00e1tel php a setk\u00e1v\u00e1me se tak i s program\u00e1torama mimo CareCloud &#8211; koukni na jednu z p\u0159edn\u00e1\u0161ek.<\/p>\n\t<a href=\"\" target=\"_self\" role=\"button\" aria-label=\"pus\u0165 si video\" rel=\"noopener\">\n\t\t\t\t\t\tpus\u0165 si video\n\t\t\t\t\t<\/a>\n\t<div style=\"width: 640px;\" class=\"wp-video\"><!--[if lt IE 9]><script>document.createElement('video');<\/script><![endif]-->\n<video class=\"wp-video-shortcode\" id=\"video-5627-1\" width=\"640\" height=\"360\" preload=\"metadata\" controls=\"controls\"><source type=\"video\/mp4\" src=\"https:\/\/cdn.carecloud.cz\/crmcarecloud.com\/video\/Pehpakari_Frantisek_Sitner.mp4?_=1\" \/><a href=\"https:\/\/cdn.carecloud.cz\/crmcarecloud.com\/video\/Pehpakari_Frantisek_Sitner.mp4\">https:\/\/cdn.carecloud.cz\/crmcarecloud.com\/video\/Pehpakari_Frantisek_Sitner.mp4<\/a><\/video><\/div>\n\t\t\t\t<img loading=\"lazy\" decoding=\"async\" src=\"https:\/\/dev.cortex.cz\/wp-content\/uploads\/2022\/06\/PHP_job.jpg\" alt=\"PHP_job\" itemprop=\"image\" height=\"875\" width=\"700\" title=\"PHP_job\" onerror=\"this.style.display='none'\"  \/>\n<h2>\n\t\tCareCloud. Na \u010dem mak\u00e1me?\n\t<\/h2>\n\t<p>CareCloud je u\u017e hodn\u011b nadupan\u00fd, z\u00e1jem ze strany nov\u00fdch klient\u016f je obrovsk\u00fd a my trochu nest\u00edh\u00e1me. Hled\u00e1m nov\u00e9ho par\u0165\u00e1ka, tebe, abychom si udr\u017eeli dostatek \u010dasu na sport, srazy a p\u0159edn\u00e1\u0161ky.<\/p>\n<p>P\u00ed\u0161eme v \u010dist\u00e9m p\u00e9h\u00e1pku a datab\u00e1ze b\u011b\u017e\u00ed na Postgres, tak\u017ee nemus\u00ed\u0161 zn\u00e1t frameworky. V devstacku m\u00e1me Postgres, RabbitMQ, Redis, Docker, Git a Gitlab, Composer a ElasticSearch.<\/p>\n<p>Ale p\u0159i n\u00e1stupu rozhodn\u011b nemus\u00ed\u0161 zn\u00e1t \u00fapln\u011b v\u0161echno dokonale, zbytek se postupn\u011b nau\u010d\u00ed\u0161.<\/p>\n\t<a href=\"#ozvi-se-nam\" target=\"_self\" role=\"button\" aria-label=\"jdu do toho!\" rel=\"noopener\">\n\t\t\t\t\t\tjdu do toho!\n\t\t\t\t\t<\/a>\n\t<p><a href=\"#zaslouzime-si-te\">POT\u0158EBUJI V\u011aD\u011aT V\u00cdCE<\/a><\/p>\n<h2>\n\t\tCo um\u00ed CareCloud?\n\t<\/h2>\n\t<p>CareCloud t\u0159eba triggeruje, kdy je \u010das na servisn\u00ed prohl\u00eddku tv\u00e9ho auta, automaticky vygeneruje JSON pro tvou SMS notifikaci a po\u0161le ho na API SMS br\u00e1ny. Servisu p\u0159es webhook bleskem napov\u00ed, \u017ee m\u00e1 gr\u00e1tis vy\u0159\u00eddit i tvou technickou prohl\u00eddku a navrch p\u0159idat nov\u00e9 zim\u00e1ky (teda pokud \u0159\u00edd\u00ed\u0161 Audi, Seat nebo Volkswagen a m\u00e1\u0161 MyCard). <\/p>\n<p>A tyhle automatizovan\u00e9 procesy v CareCloudu zvl\u00e1dne u\u017eivatelsky naklikat i cvi\u010den\u00e1 opi\u010dka. A\u0165 u\u017e jde o automobilku, l\u00e9k\u00e1rnu, nebo ly\u017ea\u0159sk\u00e9 st\u0159edisko, posouv\u00e1me tyhle dinosaury k digit\u00e1ln\u00ed a pln\u011b automatizovan\u00e9 komunikaci se z\u00e1kazn\u00edky. <\/p>\n<h1>Tak se na tom poj\u010f pod\u00edlet!<br \/>\n<\/h1>\n\t<a href=\"#ozvi-se-nam\" target=\"_self\" role=\"button\" aria-label=\"TO ZN\u00cd DOB\u0158E\" rel=\"noopener\">\n\t\t\t\t\t\tTO ZN\u00cd DOB\u0158E\n\t\t\t\t\t<\/a>\n<h2>\n\t\tPHP srazy, rozvoj a komunita. To je CareCloud. \n\t<\/h2>\n\t<p>Hostujeme srazy p\u0159\u00e1tel PHP a motivujeme se navz\u00e1jem k \u0161\u00ed\u0159en\u00ed znalosti mezi sebou i do program\u00e1torsk\u00e9 komunit. I junio\u0159i maj\u00ed prostor \u0161\u00ed\u0159it sv\u00e9 poznatky a \u010dasto n\u00e1s obohat\u00ed o nov\u00fd pohled na v\u011bc.<\/p>\n<p>Koukni na Ondru, kter\u00fd u n\u00e1s programuje p\u0159i v\u00fd\u0161ce a exceluje v machine learningu.<\/p>\n<p>Krom intern\u00edch a extern\u00edch prezentac\u00ed tak\u00e9 sd\u00edl\u00edme \u010d\u00e1sti k\u00f3du na GitHubu. Zat\u00edm <a href=\"https:\/\/github.com\/crmcarecloud\/api-php-sdk\" target=\"_blank\" rel=\"noopener\"><u>SDK<\/u><\/a> a <a href=\"https:\/\/github.com\/crmcarecloud\/api-php-client\" target=\"_blank\" rel=\"noopener\"><u>API klienta<\/u><\/a> pro partnery, ale \u010dasem pl\u00e1nujeme sd\u00edlet i obecn\u011bj\u0161\u00ed kusy k\u00f3du pro PHP komunitu.<\/p>\n\t<a href=\"#ozvi-se-nam\" target=\"_self\" role=\"button\" aria-label=\"jdu do toho!\" rel=\"noopener\">\n\t\t\t\t\t\tjdu do toho!\n\t\t\t\t\t<\/a>\n\t<div style=\"width: 640px;\" class=\"wp-video\"><video class=\"wp-video-shortcode\" id=\"video-5627-2\" width=\"640\" height=\"360\" preload=\"metadata\" controls=\"controls\"><source type=\"video\/mp4\" src=\"https:\/\/cdn.carecloud.cz\/crmcarecloud.com\/video\/Recommendation_engine_Ondrej_Varga.mp4?_=2\" \/><a href=\"https:\/\/cdn.carecloud.cz\/crmcarecloud.com\/video\/Recommendation_engine_Ondrej_Varga.mp4\">https:\/\/cdn.carecloud.cz\/crmcarecloud.com\/video\/Recommendation_engine_Ondrej_Varga.mp4<\/a><\/video><\/div>\n<h2>\n\t\tZaslou\u017e\u00edme si T\u011b?\n\t<\/h2>\n\t<p>V\u00fd\u0161i odm\u011bny dohodneme podle tv\u00fdch dovednost\u00ed a typu \u00favazku, ale p\u0159i full-time pr\u00e1ci na I\u010cO po\u010d\u00edtej orienta\u010dn\u011b s fakturac\u00ed mezi 50.000 &#8211; 100.000 K\u010d podle tv\u00fdch schopnost\u00ed. M\u016f\u017eeme se domluvit i na standardn\u00edm pracovn\u00edm pom\u011bru.<\/p>\n<p>&nbsp;<\/p>\n<p>Nav\u00edc se hned po p\u0159\u00edchodu k n\u00e1m m\u016f\u017ee\u0161 st\u00e1t sou\u010d\u00e1st\u00ed vymazlen\u00e9ho zam\u011bstnaneck\u00e9ho programu, kter\u00fd \u0161t\u011bd\u0159e dotujeme milionovou \u010d\u00e1stkou ro\u010dn\u011b. Dostane\u0161 tak sv\u016fj budget na benefity, kter\u00fd se pr\u016fb\u011b\u017en\u011b navy\u0161uje s odpracovanou dobou, tvou aktivitou a nabit\u00fdmi zku\u0161enostmi. A z\u00edsk\u00e1\u0161 tak t\u0159eba i pod\u00edl na v\u00fdsledc\u00edch firmy.<\/p>\n\t\t\t\t<img loading=\"lazy\" decoding=\"async\" src=\"https:\/\/dev.cortex.cz\/wp-content\/uploads\/2022\/05\/bulbv2-1.png\" alt=\"bulbv2-1\" itemprop=\"image\" height=\"96\" width=\"96\" title=\"bulbv2-1\" onerror=\"this.style.display='none'\"  \/>\n<h4>\n\t\tHrazen\u00e9 vzd\u011bl\u00e1v\u00e1n\u00ed\n\t<\/h4>\n\t<p>Zaplat\u00edme Ti libovoln\u00e9 jazykov\u00e9, \u010di odborn\u00e9 vzd\u011bl\u00e1v\u00e1n\u00ed a oborov\u00e9 eventy a nav\u00edc dostane\u0161 je\u0161t\u011b odm\u011bnu do zam\u011bstnaneck\u00e9ho programu. S n\u00e1mi bude\u0161 r\u016fst.<\/p>\n\t\t\t\t<img loading=\"lazy\" decoding=\"async\" src=\"https:\/\/dev.cortex.cz\/wp-content\/uploads\/2022\/05\/notebook-1.png\" alt=\"notebook-1\" itemprop=\"image\" height=\"96\" width=\"96\" title=\"notebook-1\" onerror=\"this.style.display='none'\"  \/>\n<h4>\n\t\tHomeoffice \/ full remote\n\t<\/h4>\n\t<p>Podle Tv\u00e9ho bydli\u0161t\u011b a zku\u0161enost\u00ed domluv\u00edme pravideln\u00fd homeoffice, \u010di full remote.<\/p>\n<p>Mus\u00ed to fungovat dob\u0159e pro ob\u011b strany \ud83d\ude42<\/p>\n\t\t\t\t<img loading=\"lazy\" decoding=\"async\" src=\"https:\/\/dev.cortex.cz\/wp-content\/uploads\/2022\/05\/phone-1.png\" alt=\"phone-1\" itemprop=\"image\" height=\"96\" width=\"96\" title=\"phone-1\" onerror=\"this.style.display='none'\"  \/>\n<h4>\n\t\tModern\u00ed vybaven\u00ed\n\t<\/h4>\n\t<p>S n\u00e1mi pracuje\u0161 v modern\u00ed budov\u011b s nadupan\u00fdm notebookem a firemn\u00edm tarifem v mobilu. Co nen\u00ed ve standardu, z\u00edsk\u00e1\u0161 ze zam\u011bstnaneck\u00e9ho programu.<\/p>\n\t\t\t\t<img loading=\"lazy\" decoding=\"async\" src=\"https:\/\/dev.cortex.cz\/wp-content\/uploads\/2022\/05\/bike-1.png\" alt=\"bike-1\" itemprop=\"image\" height=\"96\" width=\"96\" title=\"bike-1\" onerror=\"this.style.display='none'\"  \/>\n<h4>\n\t\tBike-friendly office\n\t<\/h4>\n\t<p>A\u0165 u\u017e chce\u0161 d\u011blat n\u011bco pro sebe nebo pro p\u0159\u00edrodu, u n\u00e1s m\u00e1\u0161 k dispozici m\u00edsto pro kolo i sprchu.<\/p>\n\t\t\t\t<img loading=\"lazy\" decoding=\"async\" src=\"https:\/\/dev.cortex.cz\/wp-content\/uploads\/2022\/05\/chillout-1.png\" alt=\"chillout-1\" itemprop=\"image\" height=\"96\" width=\"96\" title=\"chillout-1\" onerror=\"this.style.display='none'\"  \/>\n<h4>\n\t\t28 dn\u00ed dovolen\u00e9\n\t<\/h4>\n\t<p>Dostane\u0161 p\u0159i pln\u00e9m pracovn\u00edm \u00favazku (v\u010d. sick days). P\u0159i pr\u00e1ci na I\u010cO se domluv\u00edme individu\u00e1ln\u011b.<\/p>\n\t\t\t\t<img loading=\"lazy\" decoding=\"async\" src=\"https:\/\/dev.cortex.cz\/wp-content\/uploads\/2022\/05\/handshaking.png\" alt=\"handshaking\" itemprop=\"image\" height=\"96\" width=\"96\" title=\"handshaking\" onerror=\"this.style.display='none'\"  \/>\n<h4>\n\t\tPar\u0165\u00e1ci na sport\n\t<\/h4>\n\t<p>Bude fajn kdy\u017e si s n\u00e1ma zab\u011bhne\u0161 Vltava Run, nebo se z\u00fa\u010dastn\u00ed\u0161 akce Do pr\u00e1ce na kole.<\/p>\n\t\t\t\t<img loading=\"lazy\" decoding=\"async\" src=\"https:\/\/dev.cortex.cz\/wp-content\/uploads\/2022\/05\/highfive-1.png\" alt=\"highfive-1\" itemprop=\"image\" height=\"96\" width=\"96\" title=\"highfive-1\" onerror=\"this.style.display='none'\"  \/>\n<h4>\n\t\t\u00da\u010dast v komunit\u011b\n\t<\/h4>\n\t<p>Podpo\u0159\u00edme t\u011b v prezentov\u00e1n\u00ed znalost\u00ed uvnit\u0159 firmy i na extern\u00edch akc\u00edch, t\u0159eba na srazu p\u00e9h\u00e1pka\u0159\u016f.<\/p>\n<h2>\n\t\tPoj\u010f s n\u00e1mi pracovat!\n\t<\/h2>\n\t\t\t\t<img loading=\"lazy\" decoding=\"async\" src=\"https:\/\/dev.cortex.cz\/wp-content\/uploads\/2022\/05\/jirik-1.jpg\" alt=\"jirik-1\" itemprop=\"image\" height=\"128\" width=\"128\" title=\"jirik-1\" onerror=\"this.style.display='none'\"  \/>\n\t<p>Jsem Jirka \u0160ulc, vedu n\u00e1\u0161 program\u00e1torsk\u00fd t\u00fdm a budu r\u00e1d, kdy\u017e se mnou d\u00e1\u0161 chv\u00edli \u0159e\u010d. M\u016f\u017eeme spolu jen zaj\u00edt na pivko nebo si zavolat a popov\u00eddat si, jak to u n\u00e1s chod\u00ed. Za zkou\u0161ku nic ned\u00e1\u0161!<\/p>\n<p>Mus\u00edm se pochv\u00e1lit, ten zam\u011bstnaneck\u00fd program jsme fakt vymysleli dob\u0159e. D\u00edky n\u011bmu si m\u016f\u017eou kluci z t\u00fdmu t\u0159eba gr\u00e1tis zalet\u011bt do Barcelony na derby nebo obdivovat Dal\u00edho. \u0160ili jsme ho m\u00fdm kluk\u016fm (a jejich partnerk\u00e1m) na m\u00edru!<\/p>\n<p>Napi\u0161 mi na <a href=\"mailto:sulc@dev.cortex.cz?subject=Pr%C3%A1ce%20u%20v%C3%A1s%20vypad%C3%A1%20zaj%C3%ADmav%C4%9B!\">sulc@dev.cortex.cz<\/a> nebo zavolej na +420 266 610 465.<\/p>\n\t<a href=\"#ozvi-se-nam\" target=\"_self\" role=\"button\" aria-label=\"JDU DO TOHO\" rel=\"noopener\">\n\t\t\t\t\t\tJDU DO TOHO\n\t\t\t\t\t<\/a>\n<h2>\n\t\tCo o CareCloud \u0159\u00edkaj\u00ed kolegov\u00e9?\n\t<\/h2>\n<h2>\n\t\tPr\u00e1ce t\u011b zaujala? Ozvi se mi!\n\t<\/h2>\n\tR\u00e1d si s tebou popov\u00edd\u00e1m, mus\u00ed\u0161 ale n\u011bco vyplnit \ud83d\ude42<br \/>\n\n\n","protected":false},"excerpt":{"rendered":"<p>CareCloud PHP program\u00e1tor Poj\u010f se s n\u00e1ma v\u011bnovat t\u00e9mat\u016fm predikce, automatizace, pokro\u010dil\u00e9 segmentace a recommendation engine. PROZKOUMAT POZICI CareCloud. Grilov\u00e1n\u00ed? Deskovky? Jsme par\u0165\u00e1ci! S klukama vytv\u00e1\u0159\u00edme marketingovou platformu, kter\u00e1 vyhodnocuje n\u00e1kupn\u00ed data a vyu\u017e\u00edv\u00e1 je pro doporu\u010dov\u00e1n\u00ed produkt\u016f (machine learning) a automatizaci email\u016f, slev i akc\u00ed. Jsme parta, co se spolu bav\u00ed i mimo pr\u00e1ci.&hellip;<\/p>","protected":false},"author":8,"featured_media":0,"parent":0,"menu_order":0,"comment_status":"closed","ping_status":"closed","template":"","meta":{"footnotes":""},"class_list":["post-5627","page","type-page","status-publish","hentry"],"_links":{"self":[{"href":"https:\/\/dev.cortex.cz\/en\/wp-json\/wp\/v2\/pages\/5627"}],"collection":[{"href":"https:\/\/dev.cortex.cz\/en\/wp-json\/wp\/v2\/pages"}],"about":[{"href":"https:\/\/dev.cortex.cz\/en\/wp-json\/wp\/v2\/types\/page"}],"author":[{"embeddable":true,"href":"https:\/\/dev.cortex.cz\/en\/wp-json\/wp\/v2\/users\/8"}],"replies":[{"embeddable":true,"href":"https:\/\/dev.cortex.cz\/en\/wp-json\/wp\/v2\/comments?post=5627"}],"version-history":[{"count":92,"href":"https:\/\/dev.cortex.cz\/en\/wp-json\/wp\/v2\/pages\/5627\/revisions"}],"predecessor-version":[{"id":6220,"href":"https:\/\/dev.cortex.cz\/en\/wp-json\/wp\/v2\/pages\/5627\/revisions\/6220"}],"wp:attachment":[{"href":"https:\/\/dev.cortex.cz\/en\/wp-json\/wp\/v2\/media?parent=5627"}],"curies":[{"name":"wp","href":"https:\/\/api.w.org\/{rel}","templated":true}]}}