{"id":5969,"date":"2023-05-16T12:01:47","date_gmt":"2023-05-16T10:01:47","guid":{"rendered":"https:\/\/dev.cortex.cz\/?page_id=5969"},"modified":"2023-05-17T16:19:15","modified_gmt":"2023-05-17T14:19:15","slug":"prezentace-vysledku","status":"publish","type":"page","link":"https:\/\/dev.cortex.cz\/en\/prezentace-vysledku\/","title":{"rendered":"Prezentace v\u00fdsledk\u016f"},"content":{"rendered":"<h1>\n\t\tPrezentace v\u00fdsledk\u016f projektu v r\u00e1mci programu OPPIK\n\t<\/h1>\n\t<h4>V roce 2019 spole\u010dnost CORTEX, a.s. realizovala projekt Elektromobilita v r\u00e1mci programu N\u00edzkouhl\u00edkov\u00e9 technologie.<\/h4>\n\t\t\t<a href=\"#elektromobilita\" role=\"button\" target=\"_self\" onclick=\"\" rel=\"noopener\">\n\t\t\t\t\t\t\t\t\t\t\t\t\t\t\t\t\t\t\t\t\t\tZjist\u011bte v\u00edce\n\t\t\t\t\t\t\t<\/a>\n\t\t\t<a href=\"#kontaktujte-nas\" role=\"button\" target=\"_self\" onclick=\"\" rel=\"noopener\">\n\t\t\t\t\t\t\t\t\t\t\t\t\t\t\t\t\t\t\t\t\t\tKontaktujte n\u00e1s\n\t\t\t\t\t\t\t<\/a>\n<h4>\n\t\tPrezentace v\u00fdsledk\u016f projektu v r\u00e1mci programu OPPIK\n\t<\/h4>\n<h2>\n\t\tELEKTROMOBILITA\n\t<\/h2>\n\t<p>V roce 2019 spole\u010dnost CORTEX, a.s. realizovala projekt Elektromobilita v r\u00e1mci programu N\u00edzkouhl\u00edkov\u00e9 technologie, kter\u00fd spad\u00e1 pod Opera\u010dn\u00ed program podnik\u00e1n\u00ed a inovace pro konkurenceschopnost (2013 &#8211; 2020).<\/p>\n<p>Implementace inovativn\u00ed technologie \u010dist\u00e9 mobility do spole\u010dnosti CORTEX, a.s. prob\u011bhla skrze po\u0159\u00edzen\u00ed 1 ks elektromobilu (BEV) v kategorii M1.<\/p>\n<p>Vyu\u017e\u00edv\u00e1n\u00ed elektromobilu ve spole\u010dnosti CORTEX, a.s. je hodnoceno jednatelem spole\u010dnosti pozitivn\u011b:<\/p>\n<p><em>&#8222;M\u00e9 zku\u0161enosti jsou jednozna\u010dn\u011b pozitivn\u00ed. Za celou dobu pou\u017e\u00edv\u00e1n\u00ed s jedinou v\u00fdjimkou nemusel nav\u0161t\u00edvit servis. To znamen\u00e1 \u017ee provoz vozidla je v podstat\u011b bez\u00fadr\u017ebov\u00fd. Jedn\u00e1 se i o nemalou finan\u010dn\u00ed \u00fasporu za servisn\u00ed platby.<\/em><\/p>\n<p><em>Dojezd vozidla je tak\u00e9 dostate\u010dn\u00fd pro v\u011bt\u0161inu j\u00edzd po \u010cesk\u00e9 republice, kdy je mo\u017en\u00e9 se vr\u00e1tit bez nutnosti dob\u00edjen\u00ed. To je nespornou v\u00fdhodou zejm\u00e9na v porovn\u00e1n\u00ed s jin\u00fdmi vozidly s krat\u0161\u00edm dojezdem, kter\u00e9 je nutn\u00e9 dob\u00edjet i p\u0159i vnitrost\u00e1tn\u00edch cest\u00e1ch.<\/em><\/p>\n<p><em>Jako slu\u017eebn\u00ed vozidlo je v\u016fz ide\u00e1ln\u00ed. Na kr\u00e1tk\u00e9 vzd\u00e1lenosti, kdy z\u00a0provozovny do s\u00eddla spole\u010dnosti jezd\u00edm 80 km, je to skv\u011bl\u00fd dopravn\u00ed prost\u0159edek. I na st\u0159edn\u00ed vzd\u00e1lenosti je do 400 km je v\u00fdborn\u00e9, pom\u011br v\u00fdkon ku cena je vynikaj\u00edc\u00ed, proto\u017ee jezd\u00edm za 0,60 K\u010d za kilometr s nulov\u00fdmi servisn\u00edmi n\u00e1klady.&#8220;<\/em><\/p>\n\t\t\t\t<a href=\"https:\/\/dev.cortex.cz\/wp-content\/uploads\/2023\/05\/IMG_8248.jpg\" target=\"_self\" itemprop=\"url\" rel=\"noopener\">\n\t\t\t\t<img loading=\"lazy\" decoding=\"async\" src=\"https:\/\/dev.cortex.cz\/wp-content\/uploads\/2023\/05\/IMG_8248.jpg\" alt=\"IMG_8248\" itemprop=\"image\" height=\"1336\" width=\"1576\" title=\"IMG_8248\" onerror=\"this.style.display='none'\"  \/>\n\t\t\t\t<\/a>\n\t<a href=\"#support-from-the-european-union\" target=\"_self\" role=\"button\" aria-label=\"V\u00cdCE O PODPO\u0158E\" rel=\"noopener\">\n\t\t\t\t\t\tV\u00cdCE O PODPO\u0158E\n\t\t\t\t\t<\/a>\n\t\t\t\t<img loading=\"lazy\" decoding=\"async\" src=\"https:\/\/dev.cortex.cz\/wp-content\/uploads\/2022\/08\/publicita_elektromobilita_cortex.jpg\" alt=\"publicita_elektromobilita_cortex\" itemprop=\"image\" height=\"692\" width=\"1191\" title=\"publicita_elektromobilita_cortex\" onerror=\"this.style.display='none'\"  \/>\n<h4>\n\t\tPODPORA Z EVROPSK\u00c9 UNIE\n\t<\/h4>\n<h2>\n\t\tProgram podpory n\u00edzkouhl\u00edkov\u00fdch technologi\u00ed\n\t<\/h2>\n\t<p>N\u00e1zev programu, ze kter\u00e9ho byl projekt podpo\u0159en &#8211; Opera\u010dn\u00ed program podnik\u00e1n\u00ed a inovace pro konkurenceschopnost, program podpory N\u00edzkouhl\u00edkov\u00e9 technologie, V\u00fdzva IV. programu podpory N\u00edzkouhl\u00edkov\u00e9 technologie &#8211; Elektromobilita.<\/p>\n<p>N\u00e1zev projektu v r\u00e1mci programu &#8211; Elektromobilita &#8211; CORTEX, a.s.<\/p>\n<p>Jm\u00e9no \u017eadatele &#8211; CORTEX, a.s.<\/p>\n<p>Term\u00edn realizace &#8211; 24. 5. 2019 &#8211; 16. 8. 2019<\/p>\n<p>Zpu\u030asobil\u00e9 v\u00fddaje &#8211; Po\u0159\u00edzen\u00ed 1 ks vozidla &#8211; elektromobilu v kategorii M1 &#8211; celkem 450 000,- K\u010d. Zp\u016fsobil\u00e9 v\u00fddaje odpov\u00eddaj\u00ed 45% z \u010d\u00e1stky 1 mil. K\u010d, dle pravidel V\u00fdzvy.<\/p>\n<p>Popis projektu &#8211; Projekt \u017eadatele CORTEX, a.s. v r\u00e1mci IV. V\u00fdzvy programu podpory NUT zavedl do \u010dinnosti podniku inovativn\u00ed technologie (TRL 9) \u010dist\u00e9 mobility. V r\u00e1mci zp\u016fsobil\u00fdch v\u00fddaj\u016f byl po\u0159\u00edzen 1x Elektromobil pro vlastn\u00ed pot\u0159ebu. Projekt je realizov\u00e1n ve St\u0159edo\u010desk\u00e9m kraji.<\/p>\n<p>Spole\u010dnost CORTEX, a.s. z\u00edskala celkovou dotaci ve v\u00fd\u0161i 292 500,- K\u010d.<\/p>","protected":false},"excerpt":{"rendered":"<p>Prezentace v\u00fdsledk\u016f projektu v r\u00e1mci programu OPPIK V roce 2019 spole\u010dnost CORTEX, a.s. realizovala projekt Elektromobilita v r\u00e1mci programu N\u00edzkouhl\u00edkov\u00e9 technologie. Zjist\u011bte v\u00edce Kontaktujte n\u00e1s Prezentace v\u00fdsledk\u016f projektu v r\u00e1mci programu OPPIK ELEKTROMOBILITA V roce 2019 spole\u010dnost CORTEX, a.s. realizovala projekt Elektromobilita v r\u00e1mci programu N\u00edzkouhl\u00edkov\u00e9 technologie, kter\u00fd spad\u00e1 pod Opera\u010dn\u00ed program podnik\u00e1n\u00ed a inovace&hellip;<\/p>","protected":false},"author":8,"featured_media":0,"parent":0,"menu_order":0,"comment_status":"closed","ping_status":"closed","template":"","meta":{"footnotes":""},"class_list":["post-5969","page","type-page","status-publish","hentry"],"_links":{"self":[{"href":"https:\/\/dev.cortex.cz\/en\/wp-json\/wp\/v2\/pages\/5969"}],"collection":[{"href":"https:\/\/dev.cortex.cz\/en\/wp-json\/wp\/v2\/pages"}],"about":[{"href":"https:\/\/dev.cortex.cz\/en\/wp-json\/wp\/v2\/types\/page"}],"author":[{"embeddable":true,"href":"https:\/\/dev.cortex.cz\/en\/wp-json\/wp\/v2\/users\/8"}],"replies":[{"embeddable":true,"href":"https:\/\/dev.cortex.cz\/en\/wp-json\/wp\/v2\/comments?post=5969"}],"version-history":[{"count":19,"href":"https:\/\/dev.cortex.cz\/en\/wp-json\/wp\/v2\/pages\/5969\/revisions"}],"predecessor-version":[{"id":5991,"href":"https:\/\/dev.cortex.cz\/en\/wp-json\/wp\/v2\/pages\/5969\/revisions\/5991"}],"wp:attachment":[{"href":"https:\/\/dev.cortex.cz\/en\/wp-json\/wp\/v2\/media?parent=5969"}],"curies":[{"name":"wp","href":"https:\/\/api.w.org\/{rel}","templated":true}]}}